{"id":624,"date":"2021-01-14T12:36:19","date_gmt":"2021-01-14T11:36:19","guid":{"rendered":"http:\/\/wp.gpk.biz.pl\/?page_id=624"},"modified":"2021-01-14T12:36:19","modified_gmt":"2021-01-14T11:36:19","slug":"polityka-plikow-cookies","status":"publish","type":"page","link":"https:\/\/gpk.biz.pl\/index.php\/polityka-plikow-cookies\/","title":{"rendered":"Polityka plik\u00f3w &#8222;COOKIES&#8221;"},"content":{"rendered":"\n<div class=\"wp-block-group\"><div class=\"wp-block-group__inner-container is-layout-flow wp-block-group-is-layout-flow\"><\/div><\/div>\n\n\n\n<p style=\"text-align: justify;\"><br \/>?Cookies? to pliki tekstowe, dane informatyczne przechowywane w urz\u0105dzeniach u\u017cytkownik\u00f3w, przeznaczone do korzystania ze stron internetowych. Pozwalaj\u0105 m.in. zidentyfikowa\u0107 rodzaj urz\u0105dzenia u\u017cytkownika i wy\u015bwietla\u0107 strony internetowe dostosowane do indywidualnych preferencji. Pliki ?Cookies? zawieraj\u0105 najcz\u0119\u015bciej adres strony internetowej, czas przechowywania na urz\u0105dzeniu u\u017cytkownika oraz w\u0142asny unikatowy identyfikator.<\/p>\n<p style=\"text-align: justify;\">?Cookies? u\u017cywamy w celu optymalizacji korzystania ze stron internetowych. U\u017cywane s\u0105 r\u00f3wnie\u017c w celu gromadzenia danych statystycznych, kt\u00f3re pozwalaj\u0105 identyfikowa\u0107 spos\u00f3b korzystania u\u017cytkownik\u00f3w ze stron internetowych. Daje to mo\u017cliwo\u015b\u0107 p\u00f3\u017aniejszego ulepszania struktury i zawarto\u015bci Witryny, z wy\u0142\u0105czeniem personalnej identyfikacji u\u017cytkownika. Dane osobowe gromadzone przy u\u017cyciu plik\u00f3w ?cookies? mog\u0105 by\u0107 zbierane wy\u0142\u0105cznie w celu wykonywania okre\u015blonych funkcji i aktywno\u015bci na rzecz u\u017cytkownika. Takie dane s\u0105 zaszyfrowane w spos\u00f3b uniemo\u017cliwiaj\u0105cy dost\u0119p do nich osobom nieuprawnionym.<\/p>\n<p style=\"text-align: justify;\">Stosujemy &#8222;cookies&#8221; sesyjne (tymczasowe) oraz sta\u0142e. &#8222;Cookies&#8221; sesyjne przechowywane s\u0105 na urz\u0105dzeniu u\u017cytkownika do wylogowania ze strony internetowej lub wy\u0142\u0105czenia przegl\u0105darki internetowej. ?Cookies&#8221; sta\u0142e przechowywane s\u0105 przez zdefiniowany czas, kt\u00f3ry okre\u015blany jest parametr zawarty w pliku ?cookies? &#8211; u\u017cytkownik dysponuje mo\u017cliwo\u015bci\u0105 ich r\u0119cznego usuni\u0119cia. &#8222;Cookies&#8221; stosowane przez partner\u00f3w operatora strony internetowej podlegaj\u0105 ich w\u0142asnej polityce prywatno\u015bci.<\/p>\n<p style=\"text-align: justify;\">Oprogramowanie wykorzystywane do przegl\u0105dania stron WWW domy\u015blnie dopuszcza umieszczanie plik\u00f3w &#8222;cookies&#8221; na urz\u0105dzeniu ko\u0144cowym. U\u017cytkownik mo\u017ce dokona\u0107 w\u0142a\u015bciwej konfiguracji przegl\u0105darki, aby zablokowa\u0107 automatyczne akceptowanie plik\u00f3w &#8222;cookies&#8221; lub uzyska\u0107 ka\u017cdorazow\u0105 informacj\u0119 o przes\u0142aniu pliku na urz\u0105dzenie u\u017cytkownika. W\u0142a\u015bciwe informacje o obs\u0142udze plik\u00f3w &#8222;cookies&#8221; oraz mo\u017cliwych konfiguracjach dost\u0119pne s\u0105 w ustawieniach przegl\u0105darki. Poziom ogranicze\u0144 dotycz\u0105cy stosowania plik\u00f3w ?cookies? mo\u017ce wp\u0142yn\u0105\u0107 na dost\u0119pno\u015b\u0107 i funkcjonalno\u015bci oferowane na stronie internetowej, a\u017c do zablokowania mo\u017cliwo\u015bci jej prawid\u0142owego u\u017cytkowania.<\/p>\n<p>\u00a0<\/p>\n","protected":false},"excerpt":{"rendered":"<p>?Cookies? to pliki tekstowe, dane informatyczne przechowywane w urz\u0105dzeniach u\u017cytkownik\u00f3w, przeznaczone do korzystania ze stron internetowych. Pozwalaj\u0105 m.in. zidentyfikowa\u0107 rodzaj urz\u0105dzenia u\u017cytkownika i wy\u015bwietla\u0107 strony internetowe dostosowane do indywidualnych preferencji. Pliki ?Cookies? zawieraj\u0105 najcz\u0119\u015bciej adres strony internetowej, czas przechowywania na urz\u0105dzeniu u\u017cytkownika oraz w\u0142asny unikatowy identyfikator. ?Cookies? u\u017cywamy w celu optymalizacji korzystania ze stron internetowych&#8230;.<\/p>\n","protected":false},"author":1,"featured_media":0,"parent":0,"menu_order":0,"comment_status":"closed","ping_status":"closed","template":"","meta":{"footnotes":""},"class_list":["post-624","page","type-page","status-publish","hentry"],"publishpress_future_action":{"enabled":false,"date":"2026-05-11 10:47:43","action":"change-status","newStatus":"draft","terms":[],"taxonomy":"","extraData":[]},"publishpress_future_workflow_manual_trigger":{"enabledWorkflows":[]},"_links":{"self":[{"href":"https:\/\/gpk.biz.pl\/index.php\/wp-json\/wp\/v2\/pages\/624","targetHints":{"allow":["GET"]}}],"collection":[{"href":"https:\/\/gpk.biz.pl\/index.php\/wp-json\/wp\/v2\/pages"}],"about":[{"href":"https:\/\/gpk.biz.pl\/index.php\/wp-json\/wp\/v2\/types\/page"}],"author":[{"embeddable":true,"href":"https:\/\/gpk.biz.pl\/index.php\/wp-json\/wp\/v2\/users\/1"}],"replies":[{"embeddable":true,"href":"https:\/\/gpk.biz.pl\/index.php\/wp-json\/wp\/v2\/comments?post=624"}],"version-history":[{"count":2,"href":"https:\/\/gpk.biz.pl\/index.php\/wp-json\/wp\/v2\/pages\/624\/revisions"}],"predecessor-version":[{"id":627,"href":"https:\/\/gpk.biz.pl\/index.php\/wp-json\/wp\/v2\/pages\/624\/revisions\/627"}],"wp:attachment":[{"href":"https:\/\/gpk.biz.pl\/index.php\/wp-json\/wp\/v2\/media?parent=624"}],"curies":[{"name":"wp","href":"https:\/\/api.w.org\/{rel}","templated":true}]}}