{"id":480,"date":"2021-01-14T06:11:31","date_gmt":"2021-01-14T05:11:31","guid":{"rendered":"http:\/\/wp.gpk.biz.pl\/?page_id=480"},"modified":"2025-03-10T11:32:58","modified_gmt":"2025-03-10T10:32:58","slug":"kontakt","status":"publish","type":"page","link":"https:\/\/gpk.biz.pl\/index.php\/kontakt\/","title":{"rendered":"Kontakt"},"content":{"rendered":"\r\n\r\n\r\n<p><strong>Grodziskie Przedsi\u0119biorstwo Komunalne Sp. z o. o.<img loading=\"lazy\" decoding=\"async\" class=\"alignright wp-image-687 size-full\" src=\"https:\/\/gpk.biz.pl\/wp-content\/uploads\/2021\/03\/gpk.gif\" alt=\"Logo\" width=\"200\" height=\"200\" \/><\/strong><br \/>ul. Ko\u015bcia\u0144ska 32<br \/>62-065 Grodzisk Wlkp.<\/p>\r\n\r\n\r\n\r\n<p><strong><em>NIP:<\/em><\/strong> <em>7880022373<\/em><br \/><strong><em>KRS:<\/em><\/strong> <em>0000299123<\/em><br \/><strong><em>REGON:<\/em><\/strong> <em>300776091<\/em><\/p>\r\n\r\n\r\n\r\n<p><strong>tel:<\/strong> 61 44 47 186, 61 44 47 187<br \/><strong>tel. alarmowy:<\/strong> 606 886 439<\/p>\r\n\r\n\r\n\r\n<p><strong>www: <\/strong><a href=\"https:\/\/gpk.biz.pl\">gpk.biz.pl<\/a><\/p>\r\n\r\n\r\n\r\n<p><strong>Sekretariat<\/strong>:<br \/><strong><em>tel.:<\/em><\/strong>\u00a0w. 201<br \/><strong><em>e-mail:<\/em> <\/strong><a href=\"mailto:biuro@gpk.biz.pl\">biuro@gpk.biz.pl<\/a><\/p>\r\n\r\n\r\n\r\n<p><strong>Prezes Zarz\u0105du:<\/strong><br \/><strong><em>tel.:<\/em><\/strong>\u00a0w. 207<br \/><strong><em>e-mail:<\/em> <\/strong><a href=\"mailto:andrzej.cichos@gpk.biz.pl\">andrzej.cichos@gpk.biz.pl<\/a><\/p>\r\n\r\n\r\n\r\n<p><strong>Wiceprezes Zarz\u0105du ds. finansowych<\/strong><br \/><strong><em>tel.:<\/em><\/strong> w. 223<br \/><strong><em>e-mail:<\/em> <\/strong><a href=\"mailto:artur.cyfert@gpk.biz.pl\">artur.cyfert@gpk.biz.pl<\/a><\/p>\r\n\r\n\r\n\r\n<p><strong>G\u0142\u00f3wna ksi\u0119gowa:<\/strong><br \/><strong><em>tel.:<\/em><\/strong>\u00a0w. 204<br \/><strong><em>e-mail:<\/em> <\/strong><a href=\"mailto:joanna.gliwa@gpk.biz.pl\">joanna.gliwa@gpk.biz.pl<\/a><\/p>\r\n\r\n\r\n\r\n<p><strong>Zak\u0142ad kanalizacji:<\/strong><br \/><strong><em>tel.:<\/em><\/strong>\u00a0w. 209, 210<br \/><strong><em>e-mail:<\/em> <\/strong><a href=\"mailto:oczyszczalnia@gpk.biz.pl\">oczyszczalnia@gpk.biz.pl<\/a><\/p>\r\n\r\n\r\n\r\n<p><strong>Zak\u0142ad wodoci\u0105g\u00f3w:<\/strong><br \/><strong><em>tel.:<\/em><\/strong> w. 220, 219<br \/><em><strong>e-mail: <\/strong><\/em><a href=\"mailto:wodociagi@gpk.biz.pl\">wodociagi@gpk.biz.pl<\/a><\/p>\r\n\r\n\r\n\r\n<p><strong>Zak\u0142ad us\u0142ug komunalnych:<\/strong><br \/><strong><em>tel.:<\/em><\/strong> w. 232, 215<br \/><strong><em>e-mail:<\/em> <\/strong><a href=\"mailto:anna.dlugosz@gpk.biz.pl\">anna.dlugosz@gpk.biz.pl<\/a>, <a href=\"mailto:leszek.pawlak@gpk.biz.pl\">leszek.pawlak@gpk.biz.pl<\/a><\/p>\r\n\r\n\r\n\r\n<p><strong>Zarz\u0105dzanie nieruchomo\u015bciami:<\/strong><br \/><strong><em>tel.:<\/em><\/strong>\u00a0w. 216, 217<br \/><em><strong>e-mail: <\/strong><\/em><a href=\"mailto:zn@gpk.biz.pl\">zn@gpk.biz.pl<\/a><\/p>\r\n\r\n\r\n\r\n<p><strong>Dzia\u0142 kadr:<\/strong><br \/><strong><em>tel.:<\/em><\/strong>\u00a0w. 213<br \/><em><strong>e-mail: <\/strong><\/em><a href=\"mailto:kadry@gpk.biz.pl\">kadry@gpk.biz.pl<\/a><\/p>\r\n\r\n\r\n\r\n<p><strong>Ksi\u0119gowo\u015b\u0107:<\/strong><br \/><strong><em>tel.:<\/em><\/strong>\u00a0w. 205, 206<\/p>\r\n<hr \/>\r\n<h3 class=\"has-text-align-center\"><strong>Jak do nas trafi\u0107<\/strong><br \/><strong><br \/><\/strong><iframe loading=\"lazy\" style=\"border: 0;\" tabindex=\"0\" src=\"https:\/\/www.google.com\/maps\/embed?pb=!1m18!1m12!1m3!1d2444.298178995531!2d16.380555215947837!3d52.21980026618541!2m3!1f0!2f0!3f0!3m2!1i1024!2i768!4f13.1!3m3!1m2!1s0x4705cc90d4f4427b%3A0x38428d1f4b4c65a0!2sGrodziskie%20Przedsi%C4%99biorstwo%20Komunalne%20Sp%C3%B3%C5%82ka%20z%20o.%20o.!5e0!3m2!1spl!2spl!4v1610601042260!5m2!1spl!2spl\" width=\"600\" height=\"450\" frameborder=\"0\" allowfullscreen=\"allowfullscreen\" aria-hidden=\"false\">&amp;amp;lt;\/td&gt;&amp;amp;lt;\/tr&gt;&amp;amp;lt;\/tbody&gt;&amp;amp;lt;\/table&gt;&amp;amp;lt;\/figure&gt;<\/iframe><\/h3>","protected":false},"excerpt":{"rendered":"<p>Grodziskie Przedsi\u0119biorstwo Komunalne Sp. z o. o.ul. Ko\u015bcia\u0144ska 3262-065 Grodzisk Wlkp. NIP: 7880022373KRS: 0000299123REGON: 300776091 tel: 61 44 47 186, 61 44 47 187tel. alarmowy: 606 886 439 www: gpk.biz.pl Sekretariat:tel.:\u00a0w. 201e-mail: biuro@gpk.biz.pl Prezes Zarz\u0105du:tel.:\u00a0w. 207e-mail: andrzej.cichos@gpk.biz.pl Wiceprezes Zarz\u0105du ds. finansowychtel.: w. 223e-mail: artur.cyfert@gpk.biz.pl G\u0142\u00f3wna ksi\u0119gowa:tel.:\u00a0w. 204e-mail: joanna.gliwa@gpk.biz.pl Zak\u0142ad kanalizacji:tel.:\u00a0w. 209, 210e-mail: oczyszczalnia@gpk.biz.pl Zak\u0142ad wodoci\u0105g\u00f3w:tel.:&#8230;<\/p>\n","protected":false},"author":1,"featured_media":0,"parent":0,"menu_order":0,"comment_status":"closed","ping_status":"closed","template":"","meta":{"footnotes":""},"class_list":["post-480","page","type-page","status-publish","hentry"],"publishpress_future_action":{"enabled":false,"date":"2026-05-06 16:09:08","action":"change-status","newStatus":"draft","terms":[],"taxonomy":"","extraData":[]},"publishpress_future_workflow_manual_trigger":{"enabledWorkflows":[]},"_links":{"self":[{"href":"https:\/\/gpk.biz.pl\/index.php\/wp-json\/wp\/v2\/pages\/480","targetHints":{"allow":["GET"]}}],"collection":[{"href":"https:\/\/gpk.biz.pl\/index.php\/wp-json\/wp\/v2\/pages"}],"about":[{"href":"https:\/\/gpk.biz.pl\/index.php\/wp-json\/wp\/v2\/types\/page"}],"author":[{"embeddable":true,"href":"https:\/\/gpk.biz.pl\/index.php\/wp-json\/wp\/v2\/users\/1"}],"replies":[{"embeddable":true,"href":"https:\/\/gpk.biz.pl\/index.php\/wp-json\/wp\/v2\/comments?post=480"}],"version-history":[{"count":35,"href":"https:\/\/gpk.biz.pl\/index.php\/wp-json\/wp\/v2\/pages\/480\/revisions"}],"predecessor-version":[{"id":1658,"href":"https:\/\/gpk.biz.pl\/index.php\/wp-json\/wp\/v2\/pages\/480\/revisions\/1658"}],"wp:attachment":[{"href":"https:\/\/gpk.biz.pl\/index.php\/wp-json\/wp\/v2\/media?parent=480"}],"curies":[{"name":"wp","href":"https:\/\/api.w.org\/{rel}","templated":true}]}}