{"id":1856,"date":"2026-01-28T12:05:35","date_gmt":"2026-01-28T11:05:35","guid":{"rendered":"https:\/\/gpk.biz.pl\/?page_id=1856"},"modified":"2026-01-28T12:11:14","modified_gmt":"2026-01-28T11:11:14","slug":"klauzula-rekrutacja","status":"publish","type":"page","link":"https:\/\/gpk.biz.pl\/index.php\/klauzula-rekrutacja\/","title":{"rendered":"Klauzula informacyjna dla kandydata do pracy"},"content":{"rendered":"<p>&nbsp;<\/p>\n<p style=\"text-align: center;\"><span style=\"text-decoration: underline;\"><span style=\"font-size: 14pt;\"><strong>KLAUZULA INFORMACYJNA (REKRUTACJA)<\/strong><\/span><\/span><\/p>\n<p style=\"text-align: center;\"><span style=\"font-size: 12pt;\">Obowi\u0105zek informacyjny Administratora danych zgodnie z art. 13 RODO<\/span><\/p>\n<p>&nbsp;<\/p>\n<h2 style=\"text-align: left;\"><strong><span style=\"font-size: 14pt;\">1. Administrator danych<\/span><\/strong><\/h2>\n<p style=\"text-align: left;\">Administratorem Pani\/Pana danych osobowych jest Grodziskie Przedsi\u0119biorstwo Komunalne Sp. z o.o. z siedzib\u0105 w Grodzisku Wielkopolskim (62-065), ul. Ko\u015bcia\u0144ska 32. Z Administratorem mo\u017cna skontaktowa\u0107 si\u0119 mailowo: <a href=\"mailto:biuro@gpk.biz.pl\">biuro@gpk.biz.pl<\/a> lub pisemnie na adres siedziby Administratora.<\/p>\n<h2 style=\"text-align: left;\"><strong><span style=\"font-size: 14pt;\">2. Inspektor Ochrony Danych<\/span><\/strong><\/h2>\n<p style=\"text-align: left;\">Kontakt z Inspektorem Ochrony Danych: <a href=\"mailto:iod@grodzisk.wlkp.pl\">iod@grodzisk.wlkp.pl<\/a>.<\/p>\n<h2 style=\"text-align: left;\"><strong><span style=\"font-size: 14pt;\">3. Cele i podstawy prawne przetwarzania danych<\/span><\/strong><\/h2>\n<p style=\"text-align: left;\">Pani\/Pana dane osobowe b\u0119d\u0105 przetwarzane:<\/p>\n<ul style=\"text-align: left;\">\n<li>W celu przeprowadzenia bie\u017c\u0105cej rekrutacji na stanowisko wskazane w og\u0142oszeniu \u2013 w zakresie danych wymaganych przepisami prawa pracy (art. 22\u00b9 Kodeksu pracy) \u2013 na podstawie art. 6 ust. 1 lit. c RODO (obowi\u0105zek prawny).<\/li>\n<li>W celu przeprowadzenia bie\u017c\u0105cej rekrutacji tak\u017ce w zakresie danych podanych dobrowolnie, wykraczaj\u0105cych poza art. 22\u00b9 Kodeksu pracy \u2013 na podstawie art. 6 ust. 1 lit. a RODO (zgoda). Zgod\u0119 mo\u017cna wycofa\u0107 w dowolnym momencie.<\/li>\n<li>W celu obrony przed ewentualnymi roszczeniami lub wykazania prawid\u0142owo\u015bci przebiegu rekrutacji \u2013 na podstawie art. 6 ust. 1 lit. f RODO (prawnie uzasadniony interes Administratora).<\/li>\n<\/ul>\n<h2 style=\"text-align: left;\"><strong><span style=\"font-size: 14pt;\">4. Dane szczeg\u00f3lnych kategorii<\/span><\/strong><\/h2>\n<p style=\"text-align: left;\">Prosimy nie zamieszcza\u0107 w dokumentach aplikacyjnych danych szczeg\u00f3lnych kategorii (np. danych o zdrowiu), o ile nie s\u0105 wymagane przepisami. Je\u017celi kandydat dobrowolnie przeka\u017ce takie dane, ich przetwarzanie b\u0119dzie mo\u017cliwe wy\u0142\u0105cznie w zakresie i na warunkach przewidzianych przez RODO, w szczeg\u00f3lno\u015bci na podstawie wyra\u017anej zgody, je\u017celi ma zastosowanie.<\/p>\n<h2 style=\"text-align: left;\"><strong><span style=\"font-size: 14pt;\">5. Odbiorcy danych<\/span><\/strong><\/h2>\n<p style=\"text-align: left;\">Pani\/Pana dane mog\u0105 by\u0107 ujawniane:<\/p>\n<ul style=\"text-align: left;\">\n<li>podmiotom uprawnionym na podstawie przepis\u00f3w prawa (np. organy publiczne),<\/li>\n<li>podmiotom przetwarzaj\u0105cym dane na zlecenie Administratora (np. dostawcy us\u0142ug IT, hostingu, poczty elektronicznej, narz\u0119dzi komunikacji) \u2013 na podstawie um\u00f3w powierzenia,<\/li>\n<li>operatorom\/dostawcom portali og\u0142oszeniowych (np. OLX) \u2013 w zakresie wynikaj\u0105cym ze sposobu z\u0142o\u017cenia aplikacji.<\/li>\n<\/ul>\n<h2 style=\"text-align: left;\"><strong><span style=\"font-size: 14pt;\">6. Przekazywanie danych poza EOG<\/span><\/strong><\/h2>\n<p style=\"text-align: left;\">Co do zasady Administrator nie planuje przekazywania danych poza Europejski Obszar Gospodarczy (EOG). Je\u017celi jednak korzystanie z okre\u015blonych us\u0142ug IT wi\u0105za\u0142oby si\u0119 z takim transferem, b\u0119dzie on realizowany zgodnie z RODO, w szczeg\u00f3lno\u015bci na podstawie odpowiednich zabezpiecze\u0144.<\/p>\n<h2 style=\"text-align: left;\"><strong><span style=\"font-size: 14pt;\">7. Okres przechowywania danych (retencja)<\/span><\/strong><\/h2>\n<p style=\"text-align: left;\">Dane w bie\u017c\u0105cej rekrutacji przechowujemy przez czas trwania rekrutacji, a nast\u0119pnie:<\/p>\n<ul style=\"text-align: left;\">\n<li>co do zasady 3 miesi\u0105ce po jej zako\u0144czeniu (cele organizacyjne i rozliczeniowe procesu),<\/li>\n<li>maksymalnie do 6 miesi\u0119cy po jej zako\u0144czeniu, je\u017celi jest to niezb\u0119dne do zabezpieczenia\/obrony przed roszczeniami lub wykazania prawid\u0142owo\u015bci przebiegu rekrutacji.<\/li>\n<\/ul>\n<h2 style=\"text-align: left;\"><strong><span style=\"font-size: 14pt;\">8. Prawa osoby, kt\u00f3rej dane dotycz\u0105<\/span><\/strong><\/h2>\n<p style=\"text-align: left;\">Przys\u0142uguje Pani\/Panu prawo do: dost\u0119pu do danych (i otrzymania kopii), sprostowania, usuni\u0119cia, ograniczenia przetwarzania, przenoszenia danych (w przypadkach przewidzianych prawem), sprzeciwu wobec przetwarzania (gdy podstaw\u0105 jest art. 6 ust. 1 lit. f RODO) oraz cofni\u0119cia zgody w dowolnym momencie (je\u015bli przetwarzanie odbywa si\u0119 na podstawie zgody).<\/p>\n<h2 style=\"text-align: left;\"><strong><span style=\"font-size: 14pt;\">9. Prawo wniesienia skargi<\/span><\/strong><\/h2>\n<p style=\"text-align: left;\">Ma Pani\/Pan prawo wniesienia skargi do organu nadzorczego: Prezes Urz\u0119du Ochrony Danych Osobowych, ul. Stawki 2, 00-193 Warszawa.<\/p>\n<h2 style=\"text-align: left;\"><strong><span style=\"font-size: 14pt;\">10. Informacja o wymogu podania danych<\/span><\/strong><\/h2>\n<p style=\"text-align: left;\">Podanie danych w zakresie wynikaj\u0105cym z art. 22\u00b9 Kodeksu pracy jest niezb\u0119dne do udzia\u0142u w rekrutacji. Podanie pozosta\u0142ych danych jest dobrowolne.<\/p>\n<h2 style=\"text-align: left;\"><strong><span style=\"font-size: 14pt;\">11. Zautomatyzowane podejmowanie decyzji<\/span><\/strong><\/h2>\n<p style=\"text-align: left;\">W procesie rekrutacji nie podejmujemy decyzji w spos\u00f3b zautomatyzowany, w tym nie stosujemy profilowania.<\/p>\n","protected":false},"excerpt":{"rendered":"<p>&nbsp; KLAUZULA INFORMACYJNA (REKRUTACJA) Obowi\u0105zek informacyjny Administratora danych zgodnie z art. 13 RODO &nbsp; 1. Administrator danych Administratorem Pani\/Pana danych osobowych jest Grodziskie Przedsi\u0119biorstwo Komunalne Sp. z o.o. z siedzib\u0105 w Grodzisku Wielkopolskim (62-065), ul. Ko\u015bcia\u0144ska 32. Z Administratorem mo\u017cna skontaktowa\u0107 si\u0119 mailowo: biuro@gpk.biz.pl lub pisemnie na adres siedziby Administratora. 2. Inspektor Ochrony Danych Kontakt&#8230;<\/p>\n","protected":false},"author":2,"featured_media":0,"parent":0,"menu_order":0,"comment_status":"closed","ping_status":"closed","template":"","meta":{"footnotes":""},"class_list":["post-1856","page","type-page","status-publish","hentry"],"publishpress_future_action":{"enabled":false,"date":"2026-05-20 00:54:28","action":"change-status","newStatus":"draft","terms":[],"taxonomy":"","extraData":[]},"publishpress_future_workflow_manual_trigger":{"enabledWorkflows":[]},"_links":{"self":[{"href":"https:\/\/gpk.biz.pl\/index.php\/wp-json\/wp\/v2\/pages\/1856","targetHints":{"allow":["GET"]}}],"collection":[{"href":"https:\/\/gpk.biz.pl\/index.php\/wp-json\/wp\/v2\/pages"}],"about":[{"href":"https:\/\/gpk.biz.pl\/index.php\/wp-json\/wp\/v2\/types\/page"}],"author":[{"embeddable":true,"href":"https:\/\/gpk.biz.pl\/index.php\/wp-json\/wp\/v2\/users\/2"}],"replies":[{"embeddable":true,"href":"https:\/\/gpk.biz.pl\/index.php\/wp-json\/wp\/v2\/comments?post=1856"}],"version-history":[{"count":2,"href":"https:\/\/gpk.biz.pl\/index.php\/wp-json\/wp\/v2\/pages\/1856\/revisions"}],"predecessor-version":[{"id":1858,"href":"https:\/\/gpk.biz.pl\/index.php\/wp-json\/wp\/v2\/pages\/1856\/revisions\/1858"}],"wp:attachment":[{"href":"https:\/\/gpk.biz.pl\/index.php\/wp-json\/wp\/v2\/media?parent=1856"}],"curies":[{"name":"wp","href":"https:\/\/api.w.org\/{rel}","templated":true}]}}