{"id":1274,"date":"2023-12-20T13:01:30","date_gmt":"2023-12-20T12:01:30","guid":{"rendered":"https:\/\/gpk.biz.pl\/?page_id=1274"},"modified":"2023-12-20T13:04:09","modified_gmt":"2023-12-20T12:04:09","slug":"klauzula-monitoring","status":"publish","type":"page","link":"https:\/\/gpk.biz.pl\/index.php\/klauzula-monitoring\/","title":{"rendered":"Klauzula informacyjna dot. stosowania monitoringu wizyjnego"},"content":{"rendered":"<table style=\"width: 98.4433%; height: 108px;\" width=\"611\" cellspacing=\"0\" cellpadding=\"7\">\n<tbody>\n<tr style=\"height: 18px;\">\n<td style=\"background: #d9d9d9; height: 18px; width: 135.083%;\" colspan=\"2\" bgcolor=\"#d9d9d9\" width=\"595\" height=\"16\">\n<p class=\"western\" align=\"center\"><b>Klauzula informacyjna dotycz\u0105ca stosowania monitoringu wizyjnego<\/b><\/p>\n<\/td>\n<\/tr>\n<tr style=\"height: 10px;\">\n<td style=\"background: #d9d9d9; height: 10px; width: 17.8063%;\" bgcolor=\"#d9d9d9\" width=\"191\">\n<p class=\"western\"><span style=\"font-size: small;\"><b>TO\u017bSAMO\u015a\u0106 ADMINISTRATORA<\/b><\/span><\/p>\n<\/td>\n<td style=\"background: #ffffff; height: 10px; width: 117.277%;\" bgcolor=\"#ffffff\" width=\"391\">\n<p class=\"western\"><span style=\"font-size: small;\">Administratorem danych osobowych jest Grodziskie Przedsi\u0119biorstwo Komunalne Sp. z.o.o. z siedzib\u0105 w Grodzisku Wielkopolskim przy <\/span><\/p>\n<p class=\"western\"><span style=\"font-size: small;\">ul. Ko\u015bcia\u0144skiej 32, 62-065 Grodzisk Wielkopolski.<\/span><\/p>\n<\/td>\n<\/tr>\n<tr style=\"height: 10px;\">\n<td style=\"background: #d9d9d9; height: 10px; width: 17.8063%;\" bgcolor=\"#d9d9d9\" width=\"191\">\n<p class=\"western\"><span style=\"font-size: small;\"><b>DANE KONTAKTOWE ADMINISTRATORA<\/b><\/span><\/p>\n<\/td>\n<td style=\"background: #ffffff; height: 10px; width: 117.277%;\" bgcolor=\"#ffffff\" width=\"391\">\n<p class=\"western\"><span style=\"font-size: small;\">Z administratorem mo\u017cna si\u0119 skontaktowa\u0107 poprzez adres email: <\/span><span style=\"color: #0000ff;\"><u><a class=\"western\" href=\"mailto:biuro@gpk.biz.pl\"><span style=\"font-size: small;\">biuro@gpk.biz.pl<\/span><\/a><\/u><\/span> <span style=\"font-size: small;\">lub pisemnie na adres siedziby administratora.<\/span><\/p>\n<\/td>\n<\/tr>\n<tr style=\"height: 10px;\">\n<td style=\"background: #d9d9d9; height: 10px; width: 17.8063%;\" bgcolor=\"#d9d9d9\" width=\"191\">\n<p class=\"western\"><span style=\"font-size: small;\"><b>DANE KONTAKTOWE INSPEKTORA OCHRONY DANYCH<\/b><\/span><\/p>\n<\/td>\n<td style=\"background: #ffffff; height: 10px; width: 117.277%;\" bgcolor=\"#ffffff\" width=\"391\">\n<p class=\"western\"><span style=\"font-size: small;\">Administrator wyznaczy\u0142 inspektora ochrony danych, z kt\u00f3rym mo\u017ce si\u0119 Pani\/ Pan skontaktowa\u0107 poprzez email: <\/span><span style=\"color: #0000ff;\"><u><a class=\"western\" href=\"mailto:iod@grodzisk.wlkp.pl\"><span style=\"font-size: small;\">iod@grodzisk.wlkp.pl<\/span><\/a><\/u><\/span> <span style=\"font-size: small;\"><br \/>\nZ inspektorem ochrony danych mo\u017cna si\u0119 kontaktowa\u0107 we wszystkich sprawach dotycz\u0105cych przetwarzania danych osobowych oraz korzystania z praw zwi\u0105zanych z przetwarzaniem danych.<\/span><\/p>\n<\/td>\n<\/tr>\n<tr style=\"height: 41px;\">\n<td style=\"background: #d9d9d9; height: 10px; width: 17.8063%;\" bgcolor=\"#d9d9d9\" width=\"191\">\n<p class=\"western\"><span style=\"font-size: small;\"><b>CELE PRZETWARZANIA I PODSTAWA PRAWNA<\/b><\/span><\/p>\n<\/td>\n<td style=\"background: #ffffff; height: 10px; width: 117.277%;\" bgcolor=\"#ffffff\" width=\"391\">\n<p class=\"western\"><span style=\"font-size: small;\">Pani\/Pana dane b\u0119d\u0105 przetwarzane poprzez rejestracj\u0119 i zapis obrazu z kamer systemu monitoringu, kt\u00f3ry jest realizowany w celu:<\/span><\/p>\n<ol>\n<li><span style=\"font-size: small;\">zapewnienia oraz zwi\u0119kszenia bezpiecze\u0144stwa jednostki oraz u\u017cytkownik\u00f3w obiektu (ze szczeg\u00f3lnym uwzgl\u0119dnieniem pracownik\u00f3w, interesant\u00f3w oraz os\u00f3b przebywaj\u0105cych na terenie obiektu) poprzez ograniczenie zachowa\u0144 niepo\u017c\u0105danych, zagra\u017caj\u0105cych zdrowiu lub bezpiecze\u0144stwu os\u00f3b przebywaj\u0105cych w obiekcie i jego bezpo\u015brednim s\u0105siedztwie,<\/span><\/li>\n<li><span style=\"font-size: small;\">zapewnienia oraz zwi\u0119kszenia ochrony mienia budynku oraz ustalania ewentualnych sprawc\u00f3w czyn\u00f3w nagannych (zniszczenia mienia, kradzie\u017ce itp.),<\/span><\/li>\n<li><span style=\"font-size: small;\">ograniczania dost\u0119pu do obiektu os\u00f3b nieuprawnionych i niepo\u017c\u0105danych,<\/span><\/li>\n<li><span style=\"font-size: small;\">zwi\u0119kszenia bezpiecze\u0144stwa informacji prawnie chronionych,<\/span><\/li>\n<li><span style=\"font-size: small;\">ochrony przeciwpo\u017carowej obiektu,<\/span><\/li>\n<li><span style=\"font-size: small;\">przeciwdzia\u0142ania przypadkom naruszenia porz\u0105dku w miejscu oczyszczalni, w tym zw\u0142aszcza o charakterze chuliga\u0144skim,<\/span><\/li>\n<li><span style=\"font-size: small;\">monitorowania miejsc sk\u0142adowania odpad\u00f3w.<\/span><\/li>\n<li><span style=\"font-size: small;\">wyja\u015bnienia sytuacji konfliktowych<\/span><\/li>\n<\/ol>\n<p class=\"western\" align=\"justify\"><span style=\"font-size: small;\">Monitoring jest prowadzony na podstawie art. 6 ust. 1 lit. c. lub lit. e lub lit. f RODO oraz na podstawie art.\u00a0 22<\/span><sup><span style=\"font-size: small;\">2 <\/span><\/sup><span style=\"font-size: small;\">Ustawy z dnia 26 czerwca 1974 r. &#8211; Kodeks pracy.<\/span><\/p>\n<\/td>\n<\/tr>\n<tr style=\"height: 10px;\">\n<td style=\"background: #d9d9d9; height: 10px; width: 17.8063%;\" bgcolor=\"#d9d9d9\" width=\"191\">\n<p class=\"western\"><span style=\"font-size: small;\"><b>ODBIORCY DANYCH LUB KATEGORIE ODBIORC\u00d3W DANYCH<\/b><\/span><\/p>\n<\/td>\n<td style=\"background: #ffffff; height: 10px; width: 117.277%;\" bgcolor=\"#ffffff\" width=\"391\">\n<p class=\"western\" align=\"justify\"><span style=\"font-size: small;\">W zwi\u0105zku z przetwarzaniem Pani\/Pana danych w celach wskazanych powy\u017cej, dane osobowe mog\u0105 by\u0107 udost\u0119pniane innym odbiorcom lub kategoriom odbiorc\u00f3w danych osobowych, na podstawie przepis\u00f3w prawa.<\/span><\/p>\n<\/td>\n<\/tr>\n<tr style=\"height: 35px;\">\n<td style=\"background: #d9d9d9; height: 10px; width: 17.8063%;\" bgcolor=\"#d9d9d9\" width=\"191\">\n<p class=\"western\"><span style=\"font-size: small;\"><b>OKRES PRZECHOWYWANIA DANYCH<\/b><\/span><\/p>\n<\/td>\n<td style=\"background: #ffffff; height: 10px; width: 117.277%;\" bgcolor=\"#ffffff\" width=\"391\">\n<p class=\"western\" align=\"justify\"><span style=\"font-size: small;\">Pani\/Pana dane osobowe b\u0119d\u0105 przechowywane przez okres do 90 dni od momentu utrwalenia obrazu. W przypadku, w kt\u00f3rym nagrania obrazu b\u0119d\u0105 stanowi\u0107 dow\u00f3d w post\u0119powaniu prowadzonym na podstawie prawa lub administrator powe\u017amie wiadomo\u015b\u0107, i\u017c mog\u0105 one stanowi\u0107 dow\u00f3d w post\u0119powaniu, ww. termin ulega przed\u0142u\u017ceniu do czasu prawomocnego zako\u0144czenia post\u0119powania.<\/span><\/p>\n<\/td>\n<\/tr>\n<tr style=\"height: 10px;\">\n<td style=\"background: #d9d9d9; height: 10px; width: 17.8063%;\" bgcolor=\"#d9d9d9\" width=\"191\">\n<p class=\"western\"><span style=\"font-size: small;\"><b>PRAWA PODMIOT\u00d3W DANYCH<\/b><\/span><\/p>\n<\/td>\n<td style=\"background: #ffffff; height: 10px; width: 117.277%;\" bgcolor=\"#ffffff\" width=\"391\">\n<p class=\"western\"><span style=\"font-size: small;\">Przys\u0142uguje Pani\/Panu prawo \u017c\u0105dania dost\u0119pu do danych, ich sprostowania lub ograniczenia przetwarzania oraz prawo do wniesienia sprzeciwu wobec przetwarzania danych.<\/span><\/p>\n<\/td>\n<\/tr>\n<tr style=\"height: 10px;\">\n<td style=\"background: #d9d9d9; height: 10px; width: 17.8063%;\" bgcolor=\"#d9d9d9\" width=\"191\" height=\"67\">\n<p class=\"western\"><span style=\"font-size: small;\"><b>PRAWO WNIESIENIA SKARGI DO ORGANU NADZORCZEGO<\/b><\/span><\/p>\n<\/td>\n<td style=\"background: #ffffff; height: 10px; width: 117.277%;\" bgcolor=\"#ffffff\" width=\"391\">\n<p class=\"western\"><span style=\"font-size: small;\">Przys\u0142uguje Pani\/Panu r\u00f3wnie\u017c prawo wniesienia skargi do organu nadzorczego zajmuj\u0105cego si\u0119 ochron\u0105 danych osobowych:<\/span><\/p>\n<p class=\"western\"><span style=\"font-size: small;\">Biuro Prezesa Urz\u0119du Ochrony Danych Osobowych (PUODO) <\/span><\/p>\n<p class=\"western\"><span style=\"font-size: small;\">Adres: Stawki 2, 00-193 Warszawa<\/span><\/p>\n<p class=\"western\"><span style=\"font-size: small;\">Telefon: 22 531-03-00<\/span><\/p>\n<\/td>\n<\/tr>\n<tr style=\"height: 10px;\">\n<td style=\"background: #d9d9d9; height: 10px; width: 17.8063%;\" bgcolor=\"#d9d9d9\" width=\"191\">\n<p class=\"western\"><span style=\"font-size: small;\"><b>INFORMACJA O DOWOLNO\u015aCI LUB OBOWI\u0104ZKU PODANIA DANYCH<\/b><\/span><\/p>\n<\/td>\n<td style=\"background: #ffffff; height: 10px; width: 117.277%;\" bgcolor=\"#ffffff\" width=\"391\">\n<p class=\"western\" align=\"justify\"><span style=\"font-size: small;\">Utrwalenia obrazu nast\u0119puje automatycznie i jest realizowane ca\u0142odobowo, dlatego przebywaj\u0105c w oznaczonym obszarze zostanie Pan\/Pani obj\u0119ta monitoringiem wizyjnym. <\/span><\/p>\n<\/td>\n<\/tr>\n<\/tbody>\n<\/table>\n<p>&nbsp;<\/p>\n","protected":false},"excerpt":{"rendered":"<p>Klauzula informacyjna dotycz\u0105ca stosowania monitoringu wizyjnego TO\u017bSAMO\u015a\u0106 ADMINISTRATORA Administratorem danych osobowych jest Grodziskie Przedsi\u0119biorstwo Komunalne Sp. z.o.o. z siedzib\u0105 w Grodzisku Wielkopolskim przy ul. Ko\u015bcia\u0144skiej 32, 62-065 Grodzisk Wielkopolski. DANE KONTAKTOWE ADMINISTRATORA Z administratorem mo\u017cna si\u0119 skontaktowa\u0107 poprzez adres email: biuro@gpk.biz.pl lub pisemnie na adres siedziby administratora. DANE KONTAKTOWE INSPEKTORA OCHRONY DANYCH Administrator wyznaczy\u0142 inspektora&#8230;<\/p>\n","protected":false},"author":1,"featured_media":0,"parent":0,"menu_order":0,"comment_status":"closed","ping_status":"closed","template":"","meta":{"footnotes":""},"class_list":["post-1274","page","type-page","status-publish","hentry"],"publishpress_future_action":{"enabled":false,"date":"2026-05-20 00:51:18","action":"change-status","newStatus":"draft","terms":[],"taxonomy":"","extraData":[]},"publishpress_future_workflow_manual_trigger":{"enabledWorkflows":[]},"_links":{"self":[{"href":"https:\/\/gpk.biz.pl\/index.php\/wp-json\/wp\/v2\/pages\/1274","targetHints":{"allow":["GET"]}}],"collection":[{"href":"https:\/\/gpk.biz.pl\/index.php\/wp-json\/wp\/v2\/pages"}],"about":[{"href":"https:\/\/gpk.biz.pl\/index.php\/wp-json\/wp\/v2\/types\/page"}],"author":[{"embeddable":true,"href":"https:\/\/gpk.biz.pl\/index.php\/wp-json\/wp\/v2\/users\/1"}],"replies":[{"embeddable":true,"href":"https:\/\/gpk.biz.pl\/index.php\/wp-json\/wp\/v2\/comments?post=1274"}],"version-history":[{"count":6,"href":"https:\/\/gpk.biz.pl\/index.php\/wp-json\/wp\/v2\/pages\/1274\/revisions"}],"predecessor-version":[{"id":1280,"href":"https:\/\/gpk.biz.pl\/index.php\/wp-json\/wp\/v2\/pages\/1274\/revisions\/1280"}],"wp:attachment":[{"href":"https:\/\/gpk.biz.pl\/index.php\/wp-json\/wp\/v2\/media?parent=1274"}],"curies":[{"name":"wp","href":"https:\/\/api.w.org\/{rel}","templated":true}]}}